{"id":25935,"date":"2024-08-19T20:08:23","date_gmt":"2024-08-19T23:08:23","guid":{"rendered":"https:\/\/femama.org.br\/site\/manejo-de-efeitos-adversos\/"},"modified":"2024-09-11T18:00:22","modified_gmt":"2024-09-11T21:00:22","slug":"manejo-de-efeitos-adversos","status":"publish","type":"page","link":"https:\/\/femama.org.br\/site\/manejo-de-efeitos-adversos\/","title":{"rendered":"Efeitos adversos"},"content":{"rendered":"\t\t<div data-elementor-type=\"wp-page\" data-elementor-id=\"25935\" class=\"elementor elementor-25935\" data-elementor-post-type=\"page\">\n\t\t\t\t\t\t<section class=\"elementor-section elementor-top-section elementor-element elementor-element-0aabb4c elementor-section-boxed elementor-section-height-default elementor-section-height-default\" data-id=\"0aabb4c\" data-element_type=\"section\" data-e-type=\"section\" data-settings=\"{&quot;jet_parallax_layout_list&quot;:[]}\">\n\t\t\t\t\t\t<div class=\"elementor-container elementor-column-gap-default\">\n\t\t\t\t\t<div class=\"elementor-column elementor-col-100 elementor-top-column elementor-element elementor-element-2a8b925\" data-id=\"2a8b925\" data-element_type=\"column\" data-e-type=\"column\" data-settings=\"{&quot;background_background&quot;:&quot;classic&quot;}\">\n\t\t\t<div class=\"elementor-widget-wrap elementor-element-populated\">\n\t\t\t\t\t\t<div class=\"elementor-element elementor-element-12f2466 elementor-widget elementor-widget-image\" data-id=\"12f2466\" data-element_type=\"widget\" data-e-type=\"widget\" data-widget_type=\"image.default\">\n\t\t\t\t<div class=\"elementor-widget-container\">\n\t\t\t\t\t\t\t\t\t\t\t\t\t\t\t<img fetchpriority=\"high\" decoding=\"async\" width=\"1800\" height=\"800\" src=\"https:\/\/femama.org.br\/site\/wp-content\/uploads\/2024\/09\/FEMAMA_BannerSite_KVmanejo_1800x800px_1-2.png\" class=\"attachment-full size-full wp-image-25957\" alt=\"\" srcset=\"https:\/\/femama.org.br\/site\/wp-content\/uploads\/2024\/09\/FEMAMA_BannerSite_KVmanejo_1800x800px_1-2.png 1800w, https:\/\/femama.org.br\/site\/wp-content\/uploads\/2024\/09\/FEMAMA_BannerSite_KVmanejo_1800x800px_1-2-300x133.png 300w, https:\/\/femama.org.br\/site\/wp-content\/uploads\/2024\/09\/FEMAMA_BannerSite_KVmanejo_1800x800px_1-2-1024x455.png 1024w, https:\/\/femama.org.br\/site\/wp-content\/uploads\/2024\/09\/FEMAMA_BannerSite_KVmanejo_1800x800px_1-2-768x341.png 768w, https:\/\/femama.org.br\/site\/wp-content\/uploads\/2024\/09\/FEMAMA_BannerSite_KVmanejo_1800x800px_1-2-1536x683.png 1536w\" sizes=\"(max-width: 1800px) 100vw, 1800px\" \/>\t\t\t\t\t\t\t\t\t\t\t\t\t\t\t<\/div>\n\t\t\t\t<\/div>\n\t\t\t\t<div class=\"elementor-element elementor-element-2a17142 elementor-widget elementor-widget-heading\" data-id=\"2a17142\" data-element_type=\"widget\" data-e-type=\"widget\" data-widget_type=\"heading.default\">\n\t\t\t\t<div class=\"elementor-widget-container\">\n\t\t\t\t\t<h2 class=\"elementor-heading-title elementor-size-default\">O que s\u00e3o efeitos adversos?\u200b<\/h2>\t\t\t\t<\/div>\n\t\t\t\t<\/div>\n\t\t\t\t<div class=\"elementor-element elementor-element-2811ce2 elementor-widget elementor-widget-text-editor\" data-id=\"2811ce2\" data-element_type=\"widget\" data-e-type=\"widget\" data-widget_type=\"text-editor.default\">\n\t\t\t\t<div class=\"elementor-widget-container\">\n\t\t\t\t\t\t\t\t\t<p><span style=\"font-size: 1rem;\">Efeitos adversos s\u00e3o consequ\u00eancias prejudiciais ou indesej\u00e1veis que ocorrem durante ou ap\u00f3s o uso de um medicamento ou de uma interven\u00e7\u00e3o e que foi causada pelo uso desse medicamento e\/ou interven\u00e7\u00e3o. Isso acontece porque os tratamentos contra o c\u00e2ncer, como a quimioterapia e a radioterapia, atacam as c\u00e9lulas cancer\u00edgenas, mas podem tamb\u00e9m afetar c\u00e9lulas saud\u00e1veis do corpo. Essa \u00e9 a principal causa dos efeitos adversos.<\/span><br><\/p>\t\t\t\t\t\t\t\t<\/div>\n\t\t\t\t<\/div>\n\t\t\t\t<div class=\"elementor-element elementor-element-f3353de elementor-widget elementor-widget-text-editor\" data-id=\"f3353de\" data-element_type=\"widget\" data-e-type=\"widget\" data-widget_type=\"text-editor.default\">\n\t\t\t\t<div class=\"elementor-widget-container\">\n\t\t\t\t\t\t\t\t\t<p><strong>Quais s\u00e3o os efeitos adversos mais comuns durante o tratamento oncol\u00f3gico?<\/strong><\/p><p>* N\u00e1useas e v\u00f4mitos: Sensa\u00e7\u00e3o de mal estar e vontade de vomitar.<br \/>* Altera\u00e7\u00e3o na pele: Irrita\u00e7\u00e3o, vermelhid\u00e3o e descama\u00e7\u00e3o.<br \/>* Altera\u00e7\u00e3o no paladar: Perda do paladar ou gosto met\u00e1lico na boca.<br \/>* Fadiga: Sensa\u00e7\u00e3o de cansa\u00e7o excessivo.<br \/>* Queda de cabelo: Perda dos cabelos da cabe\u00e7a mas tamb\u00e9m de outras partes do corpo<\/p><p><strong>\u00c9 muito importante considerar:<\/strong><\/p><p>* Cada pessoa, tumor e tratamento s\u00e3o \u00fanicos: A intensidade e o tipo de efeitos adversos variam de acordo com o caso, gravidade, estrat\u00e9gias de tratamento, medica\u00e7\u00f5es e demais caracter\u00edsticas individuais.<br \/>* Os efeitos adversos podem ser controlados: Existem medicamentos e outras terapias que podem ajudar a aliviar os sintomas.<br \/>* \u00c9 fundamental comunicar os sintomas: S\u00f3 assim a equipe m\u00e9dica poder\u00e1 ajustar o tratamento ou prescrever medicamentos para controlar os efeitos adversos.<\/p>\t\t\t\t\t\t\t\t<\/div>\n\t\t\t\t<\/div>\n\t\t\t\t<div class=\"elementor-element elementor-element-e956046 elementor-widget elementor-widget-video\" data-id=\"e956046\" data-element_type=\"widget\" data-e-type=\"widget\" data-settings=\"{&quot;youtube_url&quot;:&quot;https:\\\/\\\/www.youtube.com\\\/watch?v=ZVTKRohZhyc&quot;,&quot;video_type&quot;:&quot;youtube&quot;,&quot;controls&quot;:&quot;yes&quot;}\" data-widget_type=\"video.default\">\n\t\t\t\t<div class=\"elementor-widget-container\">\n\t\t\t\t\t\t\t<div class=\"elementor-wrapper elementor-open-inline\">\n\t\t\t<div class=\"elementor-video\"><\/div>\t\t<\/div>\n\t\t\t\t\t\t<\/div>\n\t\t\t\t<\/div>\n\t\t\t\t<div class=\"elementor-element elementor-element-c0c5abb elementor-widget elementor-widget-spacer\" data-id=\"c0c5abb\" data-element_type=\"widget\" data-e-type=\"widget\" data-widget_type=\"spacer.default\">\n\t\t\t\t<div class=\"elementor-widget-container\">\n\t\t\t\t\t\t\t<div class=\"elementor-spacer\">\n\t\t\t<div class=\"elementor-spacer-inner\"><\/div>\n\t\t<\/div>\n\t\t\t\t\t\t<\/div>\n\t\t\t\t<\/div>\n\t\t\t\t\t<\/div>\n\t\t<\/div>\n\t\t\t\t\t<\/div>\n\t\t<\/section>\n\t\t\t\t<section class=\"elementor-section elementor-top-section elementor-element elementor-element-65b3fe6 elementor-section-boxed elementor-section-height-default elementor-section-height-default\" data-id=\"65b3fe6\" data-element_type=\"section\" data-e-type=\"section\" data-settings=\"{&quot;jet_parallax_layout_list&quot;:[]}\">\n\t\t\t\t\t\t<div class=\"elementor-container elementor-column-gap-default\">\n\t\t\t\t\t<div class=\"elementor-column elementor-col-100 elementor-top-column elementor-element elementor-element-7fbadb1\" data-id=\"7fbadb1\" data-element_type=\"column\" data-e-type=\"column\" data-settings=\"{&quot;background_background&quot;:&quot;classic&quot;}\">\n\t\t\t<div class=\"elementor-widget-wrap elementor-element-populated\">\n\t\t\t\t\t\t<div class=\"elementor-element elementor-element-3c05484 elementor-widget elementor-widget-heading\" data-id=\"3c05484\" data-element_type=\"widget\" data-e-type=\"widget\" data-widget_type=\"heading.default\">\n\t\t\t\t<div class=\"elementor-widget-container\">\n\t\t\t\t\t<h2 class=\"elementor-heading-title elementor-size-default\">Seja protagonista do seu tratamento! <\/h2>\t\t\t\t<\/div>\n\t\t\t\t<\/div>\n\t\t\t\t<div class=\"elementor-element elementor-element-eb2f075 elementor-widget__width-initial elementor-widget elementor-widget-text-editor\" data-id=\"eb2f075\" data-element_type=\"widget\" data-e-type=\"widget\" data-widget_type=\"text-editor.default\">\n\t\t\t\t<div class=\"elementor-widget-container\">\n\t\t\t\t\t\t\t\t\t<p><strong><br \/><br \/>Ao estar atenta aos sinais do seu corpo, conversar abertamente com a sua equipe m\u00e9dica sobre seus medos, sintomas, d\u00favidas e ang\u00fastias, e buscar informa\u00e7\u00f5es sobre o seu tipo de tumor e tratamento, voc\u00ea se torna protagonista da sua hist\u00f3ria.\u00a0<\/strong><\/p><p><strong>\u00c9 claro que uma boa equipe m\u00e9dica \u00e9 fundamental e que o conhecimento dela guiar\u00e1 o processo, mas quem vive dentro do seu corpo \u00e9 voc\u00ea. Preste aten\u00e7\u00e3o nos sinais que ele d\u00e1, nas mudan\u00e7as que voc\u00ea consegue observar. Esse tipo de informa\u00e7\u00e3o \u00e9 t\u00e3o valiosa quanto as contidas nos estudos e pesquisas mais importantes, s\u00f3 que essas s\u00f3 voc\u00ea tem.\u00a0<\/strong><\/p>\t\t\t\t\t\t\t\t<\/div>\n\t\t\t\t<\/div>\n\t\t\t\t<div class=\"elementor-element elementor-element-59f6bd1 elementor-widget elementor-widget-image\" data-id=\"59f6bd1\" data-element_type=\"widget\" data-e-type=\"widget\" data-widget_type=\"image.default\">\n\t\t\t\t<div class=\"elementor-widget-container\">\n\t\t\t\t\t\t\t\t\t\t\t\t\t\t\t<img decoding=\"async\" width=\"800\" height=\"89\" src=\"https:\/\/femama.org.br\/site\/wp-content\/uploads\/2024\/09\/Investimento-social-2-1024x114.png\" class=\"attachment-large size-large wp-image-25961\" alt=\"\" srcset=\"https:\/\/femama.org.br\/site\/wp-content\/uploads\/2024\/09\/Investimento-social-2-1024x114.png 1024w, https:\/\/femama.org.br\/site\/wp-content\/uploads\/2024\/09\/Investimento-social-2-300x33.png 300w, https:\/\/femama.org.br\/site\/wp-content\/uploads\/2024\/09\/Investimento-social-2-768x85.png 768w, https:\/\/femama.org.br\/site\/wp-content\/uploads\/2024\/09\/Investimento-social-2-1536x171.png 1536w, https:\/\/femama.org.br\/site\/wp-content\/uploads\/2024\/09\/Investimento-social-2.png 1800w\" sizes=\"(max-width: 800px) 100vw, 800px\" \/>\t\t\t\t\t\t\t\t\t\t\t\t\t\t\t<\/div>\n\t\t\t\t<\/div>\n\t\t\t\t\t<\/div>\n\t\t<\/div>\n\t\t\t\t\t<\/div>\n\t\t<\/section>\n\t\t\t\t<\/div>\n\t\t","protected":false},"excerpt":{"rendered":"<p>O que s\u00e3o efeitos adversos?\u200b Efeitos adversos s\u00e3o consequ\u00eancias prejudiciais ou indesej\u00e1veis que ocorrem durante ou ap\u00f3s o uso de um medicamento ou de uma interven\u00e7\u00e3o e que foi causada pelo uso desse medicamento e\/ou interven\u00e7\u00e3o. Isso acontece porque os tratamentos contra o c\u00e2ncer, como a quimioterapia e a radioterapia, atacam as c\u00e9lulas cancer\u00edgenas, mas [&hellip;]<\/p>\n","protected":false},"author":7,"featured_media":25936,"parent":0,"menu_order":0,"comment_status":"closed","ping_status":"closed","template":"","meta":{"_acf_changed":false,"footnotes":""},"class_list":["post-25935","page","type-page","status-publish","has-post-thumbnail","hentry"],"acf":[],"yoast_head":"<!-- This site is optimized with the Yoast SEO plugin v27.5 - https:\/\/yoast.com\/product\/yoast-seo-wordpress\/ -->\n<title>Efeitos adversos | FEMAMA<\/title>\n<meta name=\"robots\" content=\"index, follow, max-snippet:-1, max-image-preview:large, max-video-preview:-1\" \/>\n<link rel=\"canonical\" href=\"https:\/\/femama.org.br\/site\/manejo-de-efeitos-adversos\/\" \/>\n<meta property=\"og:locale\" content=\"pt_BR\" \/>\n<meta property=\"og:type\" content=\"article\" \/>\n<meta property=\"og:title\" content=\"Efeitos adversos | FEMAMA\" \/>\n<meta property=\"og:description\" content=\"O que s\u00e3o efeitos adversos?\u200b Efeitos adversos s\u00e3o consequ\u00eancias prejudiciais ou indesej\u00e1veis que ocorrem durante ou ap\u00f3s o uso de um medicamento ou de uma interven\u00e7\u00e3o e que foi causada pelo uso desse medicamento e\/ou interven\u00e7\u00e3o. Isso acontece porque os tratamentos contra o c\u00e2ncer, como a quimioterapia e a radioterapia, atacam as c\u00e9lulas cancer\u00edgenas, mas [&hellip;]\" \/>\n<meta property=\"og:url\" content=\"https:\/\/femama.org.br\/site\/manejo-de-efeitos-adversos\/\" \/>\n<meta property=\"og:site_name\" content=\"FEMAMA\" \/>\n<meta property=\"article:publisher\" content=\"https:\/\/www.facebook.com\/femamabrasil\" \/>\n<meta property=\"article:modified_time\" content=\"2024-09-11T21:00:22+00:00\" \/>\n<meta property=\"og:image\" content=\"https:\/\/femama.org.br\/site\/wp-content\/uploads\/2024\/09\/FEMAMA_BannerSite_KVmanejo_1800x800px_1.png\" \/>\n\t<meta property=\"og:image:width\" content=\"1800\" \/>\n\t<meta property=\"og:image:height\" content=\"800\" \/>\n\t<meta property=\"og:image:type\" content=\"image\/png\" \/>\n<meta name=\"twitter:card\" content=\"summary_large_image\" \/>\n<meta name=\"twitter:site\" content=\"@femama_\" \/>\n<meta name=\"twitter:label1\" content=\"Est. tempo de leitura\" \/>\n\t<meta name=\"twitter:data1\" content=\"3 minutos\" \/>\n<script type=\"application\/ld+json\" class=\"yoast-schema-graph\">{\"@context\":\"https:\\\/\\\/schema.org\",\"@graph\":[{\"@type\":\"WebPage\",\"@id\":\"https:\\\/\\\/femama.org.br\\\/site\\\/manejo-de-efeitos-adversos\\\/\",\"url\":\"https:\\\/\\\/femama.org.br\\\/site\\\/manejo-de-efeitos-adversos\\\/\",\"name\":\"Efeitos adversos | FEMAMA\",\"isPartOf\":{\"@id\":\"https:\\\/\\\/femama.org.br\\\/site\\\/#website\"},\"primaryImageOfPage\":{\"@id\":\"https:\\\/\\\/femama.org.br\\\/site\\\/manejo-de-efeitos-adversos\\\/#primaryimage\"},\"image\":{\"@id\":\"https:\\\/\\\/femama.org.br\\\/site\\\/manejo-de-efeitos-adversos\\\/#primaryimage\"},\"thumbnailUrl\":\"https:\\\/\\\/femama.org.br\\\/site\\\/wp-content\\\/uploads\\\/2024\\\/09\\\/FEMAMA_BannerSite_KVmanejo_1800x800px_1.png\",\"datePublished\":\"2024-08-19T23:08:23+00:00\",\"dateModified\":\"2024-09-11T21:00:22+00:00\",\"breadcrumb\":{\"@id\":\"https:\\\/\\\/femama.org.br\\\/site\\\/manejo-de-efeitos-adversos\\\/#breadcrumb\"},\"inLanguage\":\"pt-BR\",\"potentialAction\":[{\"@type\":\"ReadAction\",\"target\":[\"https:\\\/\\\/femama.org.br\\\/site\\\/manejo-de-efeitos-adversos\\\/\"]}]},{\"@type\":\"ImageObject\",\"inLanguage\":\"pt-BR\",\"@id\":\"https:\\\/\\\/femama.org.br\\\/site\\\/manejo-de-efeitos-adversos\\\/#primaryimage\",\"url\":\"https:\\\/\\\/femama.org.br\\\/site\\\/wp-content\\\/uploads\\\/2024\\\/09\\\/FEMAMA_BannerSite_KVmanejo_1800x800px_1.png\",\"contentUrl\":\"https:\\\/\\\/femama.org.br\\\/site\\\/wp-content\\\/uploads\\\/2024\\\/09\\\/FEMAMA_BannerSite_KVmanejo_1800x800px_1.png\",\"width\":1800,\"height\":800},{\"@type\":\"BreadcrumbList\",\"@id\":\"https:\\\/\\\/femama.org.br\\\/site\\\/manejo-de-efeitos-adversos\\\/#breadcrumb\",\"itemListElement\":[{\"@type\":\"ListItem\",\"position\":1,\"name\":\"In\u00edcio\",\"item\":\"https:\\\/\\\/femama.org.br\\\/site\\\/\"},{\"@type\":\"ListItem\",\"position\":2,\"name\":\"Efeitos adversos\"}]},{\"@type\":\"WebSite\",\"@id\":\"https:\\\/\\\/femama.org.br\\\/site\\\/#website\",\"url\":\"https:\\\/\\\/femama.org.br\\\/site\\\/\",\"name\":\"FEMAMA\",\"description\":\"Federa\u00e7\u00e3o Brasileira de Institui\u00e7\u00f5es Filantr\u00f3picas de Apoio \u00e0 Sa\u00fade da Mama | C\u00e2ncer de mama\",\"publisher\":{\"@id\":\"https:\\\/\\\/femama.org.br\\\/site\\\/#organization\"},\"potentialAction\":[{\"@type\":\"SearchAction\",\"target\":{\"@type\":\"EntryPoint\",\"urlTemplate\":\"https:\\\/\\\/femama.org.br\\\/site\\\/?s={search_term_string}\"},\"query-input\":{\"@type\":\"PropertyValueSpecification\",\"valueRequired\":true,\"valueName\":\"search_term_string\"}}],\"inLanguage\":\"pt-BR\"},{\"@type\":\"Organization\",\"@id\":\"https:\\\/\\\/femama.org.br\\\/site\\\/#organization\",\"name\":\"Femama | Federa\u00e7\u00e3o Brasileira de Institui\u00e7\u00f5es Filantr\u00f3picas de Apoio \u00e0 Sa\u00fade da Mama | C\u00e2ncer de mama\",\"url\":\"https:\\\/\\\/femama.org.br\\\/site\\\/\",\"logo\":{\"@type\":\"ImageObject\",\"inLanguage\":\"pt-BR\",\"@id\":\"https:\\\/\\\/femama.org.br\\\/site\\\/#\\\/schema\\\/logo\\\/image\\\/\",\"url\":\"https:\\\/\\\/femama.org.br\\\/site\\\/wp-content\\\/uploads\\\/2021\\\/12\\\/logotipo-femama-horizontal.png\",\"contentUrl\":\"https:\\\/\\\/femama.org.br\\\/site\\\/wp-content\\\/uploads\\\/2021\\\/12\\\/logotipo-femama-horizontal.png\",\"width\":300,\"height\":92,\"caption\":\"Femama | Federa\u00e7\u00e3o Brasileira de Institui\u00e7\u00f5es Filantr\u00f3picas de Apoio \u00e0 Sa\u00fade da Mama | C\u00e2ncer de mama\"},\"image\":{\"@id\":\"https:\\\/\\\/femama.org.br\\\/site\\\/#\\\/schema\\\/logo\\\/image\\\/\"},\"sameAs\":[\"https:\\\/\\\/www.facebook.com\\\/femamabrasil\",\"https:\\\/\\\/x.com\\\/femama_\",\"https:\\\/\\\/www.instagram.com\\\/femama.brasil\\\/\",\"https:\\\/\\\/www.youtube.com\\\/user\\\/femamaorg\"]}]}<\/script>\n<!-- \/ Yoast SEO plugin. -->","yoast_head_json":{"title":"Efeitos adversos | FEMAMA","robots":{"index":"index","follow":"follow","max-snippet":"max-snippet:-1","max-image-preview":"max-image-preview:large","max-video-preview":"max-video-preview:-1"},"canonical":"https:\/\/femama.org.br\/site\/manejo-de-efeitos-adversos\/","og_locale":"pt_BR","og_type":"article","og_title":"Efeitos adversos | FEMAMA","og_description":"O que s\u00e3o efeitos adversos?\u200b Efeitos adversos s\u00e3o consequ\u00eancias prejudiciais ou indesej\u00e1veis que ocorrem durante ou ap\u00f3s o uso de um medicamento ou de uma interven\u00e7\u00e3o e que foi causada pelo uso desse medicamento e\/ou interven\u00e7\u00e3o. Isso acontece porque os tratamentos contra o c\u00e2ncer, como a quimioterapia e a radioterapia, atacam as c\u00e9lulas cancer\u00edgenas, mas [&hellip;]","og_url":"https:\/\/femama.org.br\/site\/manejo-de-efeitos-adversos\/","og_site_name":"FEMAMA","article_publisher":"https:\/\/www.facebook.com\/femamabrasil","article_modified_time":"2024-09-11T21:00:22+00:00","og_image":[{"width":1800,"height":800,"url":"https:\/\/femama.org.br\/site\/wp-content\/uploads\/2024\/09\/FEMAMA_BannerSite_KVmanejo_1800x800px_1.png","type":"image\/png"}],"twitter_card":"summary_large_image","twitter_site":"@femama_","twitter_misc":{"Est. tempo de leitura":"3 minutos"},"schema":{"@context":"https:\/\/schema.org","@graph":[{"@type":"WebPage","@id":"https:\/\/femama.org.br\/site\/manejo-de-efeitos-adversos\/","url":"https:\/\/femama.org.br\/site\/manejo-de-efeitos-adversos\/","name":"Efeitos adversos | FEMAMA","isPartOf":{"@id":"https:\/\/femama.org.br\/site\/#website"},"primaryImageOfPage":{"@id":"https:\/\/femama.org.br\/site\/manejo-de-efeitos-adversos\/#primaryimage"},"image":{"@id":"https:\/\/femama.org.br\/site\/manejo-de-efeitos-adversos\/#primaryimage"},"thumbnailUrl":"https:\/\/femama.org.br\/site\/wp-content\/uploads\/2024\/09\/FEMAMA_BannerSite_KVmanejo_1800x800px_1.png","datePublished":"2024-08-19T23:08:23+00:00","dateModified":"2024-09-11T21:00:22+00:00","breadcrumb":{"@id":"https:\/\/femama.org.br\/site\/manejo-de-efeitos-adversos\/#breadcrumb"},"inLanguage":"pt-BR","potentialAction":[{"@type":"ReadAction","target":["https:\/\/femama.org.br\/site\/manejo-de-efeitos-adversos\/"]}]},{"@type":"ImageObject","inLanguage":"pt-BR","@id":"https:\/\/femama.org.br\/site\/manejo-de-efeitos-adversos\/#primaryimage","url":"https:\/\/femama.org.br\/site\/wp-content\/uploads\/2024\/09\/FEMAMA_BannerSite_KVmanejo_1800x800px_1.png","contentUrl":"https:\/\/femama.org.br\/site\/wp-content\/uploads\/2024\/09\/FEMAMA_BannerSite_KVmanejo_1800x800px_1.png","width":1800,"height":800},{"@type":"BreadcrumbList","@id":"https:\/\/femama.org.br\/site\/manejo-de-efeitos-adversos\/#breadcrumb","itemListElement":[{"@type":"ListItem","position":1,"name":"In\u00edcio","item":"https:\/\/femama.org.br\/site\/"},{"@type":"ListItem","position":2,"name":"Efeitos adversos"}]},{"@type":"WebSite","@id":"https:\/\/femama.org.br\/site\/#website","url":"https:\/\/femama.org.br\/site\/","name":"FEMAMA","description":"Federa\u00e7\u00e3o Brasileira de Institui\u00e7\u00f5es Filantr\u00f3picas de Apoio \u00e0 Sa\u00fade da Mama | C\u00e2ncer de mama","publisher":{"@id":"https:\/\/femama.org.br\/site\/#organization"},"potentialAction":[{"@type":"SearchAction","target":{"@type":"EntryPoint","urlTemplate":"https:\/\/femama.org.br\/site\/?s={search_term_string}"},"query-input":{"@type":"PropertyValueSpecification","valueRequired":true,"valueName":"search_term_string"}}],"inLanguage":"pt-BR"},{"@type":"Organization","@id":"https:\/\/femama.org.br\/site\/#organization","name":"Femama | Federa\u00e7\u00e3o Brasileira de Institui\u00e7\u00f5es Filantr\u00f3picas de Apoio \u00e0 Sa\u00fade da Mama | C\u00e2ncer de mama","url":"https:\/\/femama.org.br\/site\/","logo":{"@type":"ImageObject","inLanguage":"pt-BR","@id":"https:\/\/femama.org.br\/site\/#\/schema\/logo\/image\/","url":"https:\/\/femama.org.br\/site\/wp-content\/uploads\/2021\/12\/logotipo-femama-horizontal.png","contentUrl":"https:\/\/femama.org.br\/site\/wp-content\/uploads\/2021\/12\/logotipo-femama-horizontal.png","width":300,"height":92,"caption":"Femama | Federa\u00e7\u00e3o Brasileira de Institui\u00e7\u00f5es Filantr\u00f3picas de Apoio \u00e0 Sa\u00fade da Mama | C\u00e2ncer de mama"},"image":{"@id":"https:\/\/femama.org.br\/site\/#\/schema\/logo\/image\/"},"sameAs":["https:\/\/www.facebook.com\/femamabrasil","https:\/\/x.com\/femama_","https:\/\/www.instagram.com\/femama.brasil\/","https:\/\/www.youtube.com\/user\/femamaorg"]}]}},"_links":{"self":[{"href":"https:\/\/femama.org.br\/site\/wp-json\/wp\/v2\/pages\/25935","targetHints":{"allow":["GET"]}}],"collection":[{"href":"https:\/\/femama.org.br\/site\/wp-json\/wp\/v2\/pages"}],"about":[{"href":"https:\/\/femama.org.br\/site\/wp-json\/wp\/v2\/types\/page"}],"author":[{"embeddable":true,"href":"https:\/\/femama.org.br\/site\/wp-json\/wp\/v2\/users\/7"}],"replies":[{"embeddable":true,"href":"https:\/\/femama.org.br\/site\/wp-json\/wp\/v2\/comments?post=25935"}],"version-history":[{"count":4,"href":"https:\/\/femama.org.br\/site\/wp-json\/wp\/v2\/pages\/25935\/revisions"}],"predecessor-version":[{"id":25966,"href":"https:\/\/femama.org.br\/site\/wp-json\/wp\/v2\/pages\/25935\/revisions\/25966"}],"wp:featuredmedia":[{"embeddable":true,"href":"https:\/\/femama.org.br\/site\/wp-json\/wp\/v2\/media\/25936"}],"wp:attachment":[{"href":"https:\/\/femama.org.br\/site\/wp-json\/wp\/v2\/media?parent=25935"}],"curies":[{"name":"wp","href":"https:\/\/api.w.org\/{rel}","templated":true}]}}