{"id":28440,"date":"2025-11-13T22:07:33","date_gmt":"2025-11-14T01:07:33","guid":{"rendered":"https:\/\/femama.org.br\/site\/?page_id=28440"},"modified":"2025-12-08T15:05:43","modified_gmt":"2025-12-08T18:05:43","slug":"12o-forum-de-controle-do-cancer-na-mulher","status":"publish","type":"page","link":"https:\/\/femama.org.br\/site\/12o-forum-de-controle-do-cancer-na-mulher\/","title":{"rendered":"12\u00ba F\u00f3rum de Controle do C\u00e2ncer na Mulher"},"content":{"rendered":"\t\t<div data-elementor-type=\"wp-page\" data-elementor-id=\"28440\" class=\"elementor elementor-28440\" data-elementor-post-type=\"page\">\n\t\t\t\t<div class=\"elementor-element elementor-element-87541f2 e-flex e-con-boxed e-con e-parent\" data-id=\"87541f2\" data-element_type=\"container\" data-e-type=\"container\" data-settings=\"{&quot;jet_parallax_layout_list&quot;:[],&quot;background_background&quot;:&quot;gradient&quot;}\">\n\t\t\t\t\t<div class=\"e-con-inner\">\n\t\t\t\t<div class=\"elementor-element elementor-element-d34a57f elementor-widget elementor-widget-image\" data-id=\"d34a57f\" data-element_type=\"widget\" data-e-type=\"widget\" data-widget_type=\"image.default\">\n\t\t\t\t<div class=\"elementor-widget-container\">\n\t\t\t\t\t\t\t\t\t\t\t\t\t\t\t<img fetchpriority=\"high\" decoding=\"async\" width=\"1600\" height=\"400\" src=\"https:\/\/femama.org.br\/site\/wp-content\/uploads\/2025\/11\/FEMAMA-Cabecalho-Google-Forms.jpeg\" class=\"attachment-full size-full wp-image-28462\" alt=\"\" srcset=\"https:\/\/femama.org.br\/site\/wp-content\/uploads\/2025\/11\/FEMAMA-Cabecalho-Google-Forms.jpeg 1600w, https:\/\/femama.org.br\/site\/wp-content\/uploads\/2025\/11\/FEMAMA-Cabecalho-Google-Forms-300x75.jpeg 300w, https:\/\/femama.org.br\/site\/wp-content\/uploads\/2025\/11\/FEMAMA-Cabecalho-Google-Forms-1024x256.jpeg 1024w, https:\/\/femama.org.br\/site\/wp-content\/uploads\/2025\/11\/FEMAMA-Cabecalho-Google-Forms-768x192.jpeg 768w, https:\/\/femama.org.br\/site\/wp-content\/uploads\/2025\/11\/FEMAMA-Cabecalho-Google-Forms-1536x384.jpeg 1536w\" sizes=\"(max-width: 1600px) 100vw, 1600px\" \/>\t\t\t\t\t\t\t\t\t\t\t\t\t\t\t<\/div>\n\t\t\t\t<\/div>\n\t\t\t\t\t<\/div>\n\t\t\t\t<\/div>\n\t\t<div class=\"elementor-element elementor-element-648e612 e-flex e-con-boxed e-con e-parent\" data-id=\"648e612\" data-element_type=\"container\" data-e-type=\"container\" data-settings=\"{&quot;jet_parallax_layout_list&quot;:[],&quot;background_background&quot;:&quot;gradient&quot;}\">\n\t\t\t\t\t<div class=\"e-con-inner\">\n\t\t\t\t<div class=\"elementor-element elementor-element-1a94f4f elementor-widget elementor-widget-text-editor\" data-id=\"1a94f4f\" data-element_type=\"widget\" data-e-type=\"widget\" data-widget_type=\"text-editor.default\">\n\t\t\t\t<div class=\"elementor-widget-container\">\n\t\t\t\t\t\t\t\t\t<p><span style=\"font-weight: 400;\">O F\u00f3rum de Controle do C\u00e2ncer na Mulher \u00e9 um evento anual promovido pela FEMAMA, que re\u00fane especialistas, associa\u00e7\u00f5es, organiza\u00e7\u00f5es da sociedade civil e da Rede FEMAMA para discutir temas relevantes para o terceiro setor e sua atua\u00e7\u00e3o no contexto de sa\u00fade da mulher.<\/span><\/p><p><span style=\"font-weight: 400;\">Com vagas presenciais limitadas e transmiss\u00e3o online para todo o pa\u00eds, a programa\u00e7\u00e3o conta com pain\u00e9is e rodas de conversa que abordam desafios da oncologia, inova\u00e7\u00f5es no tratamento, barreiras de acesso no SUS e as diferentes realidades no Brasil. <\/span><\/p>\t\t\t\t\t\t\t\t<\/div>\n\t\t\t\t<\/div>\n\t\t\t\t<div class=\"elementor-element elementor-element-1a7e6e0 elementor-widget elementor-widget-text-editor\" data-id=\"1a7e6e0\" data-element_type=\"widget\" data-e-type=\"widget\" data-widget_type=\"text-editor.default\">\n\t\t\t\t<div class=\"elementor-widget-container\">\n\t\t\t\t\t\t\t\t\t<p style=\"text-align: center; font-size: 1.1em;\"><strong>26 e 27 de novembro de 2025<\/strong>, quarta e quinta-feira<\/p><p style=\"text-align: center; font-size: 1.1em;\">Hotel Estanplaza Internacional <br \/>Rua Fernandes Moreira, 1293 &#8211; Ch\u00e1cara Santo Ant\u00f4nio, S\u00e3o Paulo &#8211; SP, 04716-003<\/p>\t\t\t\t\t\t\t\t<\/div>\n\t\t\t\t<\/div>\n\t\t\t\t\t<\/div>\n\t\t\t\t<\/div>\n\t\t<div class=\"elementor-element elementor-element-74c6dd8 e-flex e-con-boxed e-con e-parent\" data-id=\"74c6dd8\" data-element_type=\"container\" data-e-type=\"container\" data-settings=\"{&quot;background_background&quot;:&quot;gradient&quot;,&quot;jet_parallax_layout_list&quot;:[]}\">\n\t\t\t\t\t<div class=\"e-con-inner\">\n\t\t\t\t<div class=\"elementor-element elementor-element-e0ba49c elementor-widget__width-auto elementor-widget elementor-widget-jet-button\" data-id=\"e0ba49c\" data-element_type=\"widget\" data-e-type=\"widget\" data-widget_type=\"jet-button.default\">\n\t\t\t\t<div class=\"elementor-widget-container\">\n\t\t\t\t\t<div class=\"elementor-jet-button jet-elements\"><div class=\"jet-button__container\">\n\t<a class=\"jet-button__instance jet-button__instance--icon-left hover-effect-0\" href=\"https:\/\/www.youtube.com\/watch?v=_1XXdbSVCPU\" target=\"_blank\">\n\t\t<div class=\"jet-button__plane jet-button__plane-normal\"><\/div>\n\t\t<div class=\"jet-button__plane jet-button__plane-hover\"><\/div>\n\t\t<div class=\"jet-button__state jet-button__state-normal\">\n\t\t\t<span class=\"jet-button__label\">Dia 26\/11<\/span>\t\t<\/div>\n\t\t<div class=\"jet-button__state jet-button__state-hover\">\n\t\t\t<span class=\"jet-button__label\">Assista agora<\/span>\t\t<\/div>\n\t<\/a>\n<\/div>\n<\/div>\t\t\t\t<\/div>\n\t\t\t\t<\/div>\n\t\t\t\t<div class=\"elementor-element elementor-element-e421b35 elementor-widget__width-auto elementor-widget elementor-widget-jet-button\" data-id=\"e421b35\" data-element_type=\"widget\" data-e-type=\"widget\" data-widget_type=\"jet-button.default\">\n\t\t\t\t<div class=\"elementor-widget-container\">\n\t\t\t\t\t<div class=\"elementor-jet-button jet-elements\"><div class=\"jet-button__container\">\n\t<a class=\"jet-button__instance jet-button__instance--icon-left hover-effect-0\" href=\"https:\/\/www.youtube.com\/watch?v=U-9eqrntnf4\" target=\"_blank\">\n\t\t<div class=\"jet-button__plane jet-button__plane-normal\"><\/div>\n\t\t<div class=\"jet-button__plane jet-button__plane-hover\"><\/div>\n\t\t<div class=\"jet-button__state jet-button__state-normal\">\n\t\t\t<span class=\"jet-button__label\">Dia 27\/11<\/span>\t\t<\/div>\n\t\t<div class=\"jet-button__state jet-button__state-hover\">\n\t\t\t<span class=\"jet-button__label\">Assista agora<\/span>\t\t<\/div>\n\t<\/a>\n<\/div>\n<\/div>\t\t\t\t<\/div>\n\t\t\t\t<\/div>\n\t\t\t\t\t<\/div>\n\t\t\t\t<\/div>\n\t\t<div class=\"elementor-element elementor-element-07a2d02 e-flex e-con-boxed e-con e-parent\" data-id=\"07a2d02\" data-element_type=\"container\" data-e-type=\"container\" data-settings=\"{&quot;jet_parallax_layout_list&quot;:[],&quot;background_background&quot;:&quot;gradient&quot;}\">\n\t\t\t\t\t<div class=\"e-con-inner\">\n\t\t\t\t<div class=\"elementor-element elementor-element-0138410 elementor-widget elementor-widget-heading\" data-id=\"0138410\" data-element_type=\"widget\" data-e-type=\"widget\" data-widget_type=\"heading.default\">\n\t\t\t\t<div class=\"elementor-widget-container\">\n\t\t\t\t\t<h4 class=\"elementor-heading-title elementor-size-default\">Programa\u00e7\u00e3o<\/h4>\t\t\t\t<\/div>\n\t\t\t\t<\/div>\n\t\t\t\t<div class=\"elementor-element elementor-element-fc210ba elementor-widget elementor-widget-html\" data-id=\"fc210ba\" data-element_type=\"widget\" data-e-type=\"widget\" data-widget_type=\"html.default\">\n\t\t\t\t<div class=\"elementor-widget-container\">\n\t\t\t\t\t<style>\n.event-table {\n  width: 100%;\n  border-collapse: collapse;\n  font-family: Arial, sans-serif;\n  margin-bottom: 40px;\n  background: #ffffff; \/* Fundo branco para toda a tabela *\/\n}\n\n.event-table th {\n  background: #e91e63;\n  color: #BC256C;\n  padding: 12px;\n  font-size: 18px;\n  text-align: left;\n}\n\n.event-table td {\n  background: #ffffff; \/* Fundo branco para cada c\u00e9lula *\/\n  border: 1px solid #ddd;\n  padding: 12px;\n  vertical-align: top;\n}\n\n.event-time {\n  width: 120px;\n  font-weight: bold;\n  white-space: nowrap;\n}\n\n.event-section {\n  font-size: 16px;\n  font-weight: bold;\n  color: #e91e63;\n  margin-bottom: 6px;\n}\n\n.event-list {\n  margin: 6px 0 0 15px;\n}\n\n<\/style>\n\n<!-- DIA 26 -->\n<table class=\"event-table\">\n  <tr><th colspan=\"2\">DIA 26<\/th><\/tr>\n\n  <tr>\n    <td class=\"event-time\">9h<\/td>\n    <td>\n      <div class=\"event-section\">ABERTURA<\/div>\n      Boas-vindas<br>\n      \u2022 Dr. Luiz Ayrton Santos J\u00fanior (Mastologista e Presidente Eleito da FEMAMA)\n    <\/td>\n  <\/tr>\n\n  <tr>\n    <td class=\"event-time\">9h20<\/td>\n    <td>\n      <div class=\"event-section\">PAINEL 1 \u2013 C\u00e2nceres na Mulher no Brasil: O que os dados revelam?<\/div>\n      <strong>Modera\u00e7\u00e3o:<\/strong> Gabriele Alves (Coordenadora de Pesquisa e Informa\u00e7\u00e3o de Sa\u00fade da FEMAMA)<br><br>\n      <strong>Painelistas:<\/strong>\n      <ul class=\"event-list\">\n        <li>Dr. Claudio Correa (Consultor Especialista da PNPCC)<\/li>\n        <li>Dr. Abra\u00e3o Dornellas (Hospital Albert Einstein)<\/li>\n        <li>Anna Buehler (Gerente de Acesso Estrat\u00e9gico e Farmacoeconomia na Novartis)<\/li>\n        <li>Dra. Bruna Zuchetti (M\u00e9dica oncologista, GBECAM)<\/li>\n      <\/ul>\n      Debate e coment\u00e1rios\n    <\/td>\n  <\/tr>\n\n  <tr>\n    <td class=\"event-time\">12h \u2013 13h30<\/td>\n    <td><strong>Almo\u00e7o<\/strong><\/td>\n  <\/tr>\n\n  <tr>\n    <td class=\"event-time\">13h40<\/td>\n    <td>\n      <div class=\"event-section\">PAINEL 2 \u2013 Como inovar para superar os desafios de acesso aos cuidados em sa\u00fade?<\/div>\n      <strong>Modera\u00e7\u00e3o:<\/strong> Dra. Maira Caleffi (Mastologista e Presidente Fundadora da FEMAMA)<br><br>\n      <ul class=\"event-list\">\n        <li><strong>Descentraliza\u00e7\u00e3o do Cuidado como estrat\u00e9gia de acesso<\/strong> \u2013 Cl\u00e1udia Echeverria (L\u00edder de Experi\u00eancia do Paciente da Roche Farma Brasil)<\/li>\n        <li><strong>\u2060Parcerias para Resili\u00eancia do Sistema de Sa\u00fade<\/strong> \u2013 Giovana Baracho (L\u00edder de Patient Advocacy na AstraZeneca)<\/li>\n        <li><strong>Mulheres Negras, C\u00e2ncer de Mama Triplo Negativo e desafios para o SUS<\/strong> \u2013 Sheila Coelho Soares Lima (Pesquisadora do Instituto Nacional do C\u00e2ncer, INCA)\n<\/li>\n        <li><strong>Desafios comuns da jornada do c\u00e2ncer de ov\u00e1rio, endom\u00e9trio e mama<\/strong> \u2013 Dra. Solange Sanches (Oncologista, Coordenadora da Equipe Mama do Centro de Refer\u00eancia de Tumores de Mama do A.C.Camargo Cancer Center)<\/li>\n      <\/ul>\n      Debate e coment\u00e1rios\n    <\/td>\n  <\/tr>\n\n  <tr>\n    <td class=\"event-time\">Pausa<\/td>\n    <td>Pausa para caf\u00e9 (20 min)<\/td>\n  <\/tr>\n\n  <tr>\n    <td class=\"event-time\">16h<\/td>\n    <td>\n      <div class=\"event-section\">PAINEL 3 \u2013 Quest\u00f5es de Advocacy em Oncologia<\/div>\n      <strong>Modera\u00e7\u00e3o:<\/strong> Gi Charaba (modelo, comunicadora, palestrante, ativista e sobrevivente do c\u00e2ncer de mama)\n<br><br>\n      <ul class=\"event-list\">\n        <li><strong> Como incorporar novos conceitos em sa\u00fade p\u00fablica, como medicina de precis\u00e3o?<\/strong> \u2013 Dr. Andr\u00e9 Mattar (M\u00e9dico mastologista, SBM)<\/li>\n        <li><strong> Como fortalecer a pesquisa cl\u00ednica no Brasil?<\/strong> \u2013 Dr. Giuliano Borges (M\u00e9dico oncologista, GBECAM)<\/li>\n        <li><strong>Como realizar Advocacy nos munic\u00edpios para preven\u00e7\u00e3o e controle do c\u00e2ncer?<\/strong> \u2013 Maria Zilma (Presidente da OSC Mulheres de Peito, Rede FEMAMA)\n<\/li>\n      <\/ul>\n      Debate e coment\u00e1rios\n    <\/td>\n  <\/tr>\n\n  <tr>\n    <td class=\"event-time\">18h<\/td>\n    <td><strong>ENCERRAMENTO DAS ATIVIDADES DO PRIMEIRO DIA<\/strong><\/td>\n  <\/tr>\n<\/table>\n\n\n<!-- DIA 27 -->\n<table class=\"event-table\">\n  <tr><th colspan=\"2\">DIA 27<\/th><\/tr>\n\n  <tr>\n    <td class=\"event-time\">9h30<\/td>\n    <td>\n      <div class=\"event-section\">PAINEL 4 \u2013 Desafios e Solu\u00e7\u00f5es em C\u00e2ncer na Mulher<\/div>\n\n      <strong>Parte 1 \u2013 Roda de Conversa: Impacto do c\u00e2ncer nas rela\u00e7\u00f5es de trabalho<\/strong><br>\n      \u2022 Carine Cidade (Consultora de Carreira)<br>\n      Debate e perguntas \u2013 15 min<br><br>\n\n      <strong>Parte 2 \u2013 Roda de Conversa: Como as OSCs podem se envolver com pesquisas cl\u00ednicas no Brasil?<\/strong><br>\n      \u2022 Juliana Mauri (CEO da LifeTime Pesquisa Cl\u00ednica)<br>\n      Debate e perguntas \u2013 15 min<br><br>\n\n      <strong>Parte 3 \u2013 Roda de Conversa: Fertilidade e congelamento de \u00f3vulos para mulheres jovens com diagn\u00f3stico de c\u00e2ncer.\n<\/strong><br>\n      \u2022 Dra. M\u00e1rcia Riboldi (CEO da CENTOGENE Brasil e Am\u00e9rica Latina)<br>\n      Debate e perguntas \u2013 15 min<br><br>\n\n      <strong>Parte 4 \u2013 O custo social do c\u00e2ncer na mulher<\/strong><br>\n      \u2022 O tempo da burocracia e seu reflexo no custo social do c\u00e2ncer na mulher \u2013 Mely Paredes (Coordenadora de Comunica\u00e7\u00e3o e Relacionamento da FEMAMA)<br>\n      \u2022 Contornando barreiras na implementa\u00e7\u00e3o das Pol\u00edticas P\u00fablicas \u2013 Dr. Luiz Ayrton Santos J\u00fanior (Mastologista e Presidente Eleito da FEMAMA)<br>\n      Debate e perguntas \u2013 15 min\n    <\/td>\n  <\/tr>\n\n  <tr>\n    <td class=\"event-time\">12h<\/td>\n    <td><strong>ENCERRAMENTO DO EVENTO<\/strong><\/td>\n  <\/tr>\n<\/table>\n\t\t\t\t<\/div>\n\t\t\t\t<\/div>\n\t\t\t\t\t<\/div>\n\t\t\t\t<\/div>\n\t\t<div class=\"elementor-element elementor-element-fb32b33 e-flex e-con-boxed e-con e-parent\" data-id=\"fb32b33\" data-element_type=\"container\" data-e-type=\"container\" data-settings=\"{&quot;jet_parallax_layout_list&quot;:[],&quot;background_background&quot;:&quot;gradient&quot;}\">\n\t\t\t\t\t<div class=\"e-con-inner\">\n\t\t\t\t<div class=\"elementor-element elementor-element-96b52a4 elementor-widget elementor-widget-image\" data-id=\"96b52a4\" data-element_type=\"widget\" data-e-type=\"widget\" data-widget_type=\"image.default\">\n\t\t\t\t<div class=\"elementor-widget-container\">\n\t\t\t\t\t\t\t\t\t\t\t\t\t\t\t<img decoding=\"async\" width=\"1600\" height=\"332\" src=\"https:\/\/femama.org.br\/site\/wp-content\/uploads\/2025\/11\/footer-forum.jpeg\" class=\"attachment-full size-full wp-image-28509\" alt=\"\" srcset=\"https:\/\/femama.org.br\/site\/wp-content\/uploads\/2025\/11\/footer-forum.jpeg 1600w, https:\/\/femama.org.br\/site\/wp-content\/uploads\/2025\/11\/footer-forum-300x62.jpeg 300w, https:\/\/femama.org.br\/site\/wp-content\/uploads\/2025\/11\/footer-forum-1024x212.jpeg 1024w, https:\/\/femama.org.br\/site\/wp-content\/uploads\/2025\/11\/footer-forum-768x159.jpeg 768w, https:\/\/femama.org.br\/site\/wp-content\/uploads\/2025\/11\/footer-forum-1536x319.jpeg 1536w\" sizes=\"(max-width: 1600px) 100vw, 1600px\" \/>\t\t\t\t\t\t\t\t\t\t\t\t\t\t\t<\/div>\n\t\t\t\t<\/div>\n\t\t\t\t\t<\/div>\n\t\t\t\t<\/div>\n\t\t\t\t<\/div>\n\t\t","protected":false},"excerpt":{"rendered":"<p>O F\u00f3rum de Controle do C\u00e2ncer na Mulher \u00e9 um evento anual promovido pela FEMAMA, que re\u00fane especialistas, associa\u00e7\u00f5es, organiza\u00e7\u00f5es da sociedade civil e da Rede FEMAMA para discutir temas relevantes para o terceiro setor e sua atua\u00e7\u00e3o no contexto de sa\u00fade da mulher. Com vagas presenciais limitadas e transmiss\u00e3o online para todo o pa\u00eds, [&hellip;]<\/p>\n","protected":false},"author":7,"featured_media":0,"parent":0,"menu_order":0,"comment_status":"closed","ping_status":"closed","template":"","meta":{"_acf_changed":false,"footnotes":""},"class_list":["post-28440","page","type-page","status-publish","hentry"],"acf":[],"yoast_head":"<!-- This site is optimized with the Yoast SEO plugin v27.6 - https:\/\/yoast.com\/product\/yoast-seo-wordpress\/ -->\n<title>12\u00ba F\u00f3rum de Controle do C\u00e2ncer na Mulher | FEMAMA<\/title>\n<meta name=\"robots\" content=\"index, follow, max-snippet:-1, max-image-preview:large, max-video-preview:-1\" \/>\n<link rel=\"canonical\" href=\"https:\/\/femama.org.br\/site\/12o-forum-de-controle-do-cancer-na-mulher\/\" \/>\n<meta property=\"og:locale\" content=\"pt_BR\" \/>\n<meta property=\"og:type\" content=\"article\" \/>\n<meta property=\"og:title\" content=\"12\u00ba F\u00f3rum de Controle do C\u00e2ncer na Mulher | FEMAMA\" \/>\n<meta property=\"og:description\" content=\"O F\u00f3rum de Controle do C\u00e2ncer na Mulher \u00e9 um evento anual promovido pela FEMAMA, que re\u00fane especialistas, associa\u00e7\u00f5es, organiza\u00e7\u00f5es da sociedade civil e da Rede FEMAMA para discutir temas relevantes para o terceiro setor e sua atua\u00e7\u00e3o no contexto de sa\u00fade da mulher. Com vagas presenciais limitadas e transmiss\u00e3o online para todo o pa\u00eds, [&hellip;]\" \/>\n<meta property=\"og:url\" content=\"https:\/\/femama.org.br\/site\/12o-forum-de-controle-do-cancer-na-mulher\/\" \/>\n<meta property=\"og:site_name\" content=\"FEMAMA\" \/>\n<meta property=\"article:publisher\" content=\"https:\/\/www.facebook.com\/femamabrasil\" \/>\n<meta property=\"article:modified_time\" content=\"2025-12-08T18:05:43+00:00\" \/>\n<meta property=\"og:image\" content=\"https:\/\/femama.org.br\/site\/wp-content\/uploads\/2025\/11\/FEMAMA-Cabecalho-Google-Forms.jpeg\" \/>\n\t<meta property=\"og:image:width\" content=\"1600\" \/>\n\t<meta property=\"og:image:height\" content=\"400\" \/>\n\t<meta property=\"og:image:type\" content=\"image\/jpeg\" \/>\n<meta name=\"twitter:card\" content=\"summary_large_image\" \/>\n<meta name=\"twitter:site\" content=\"@femama_\" \/>\n<meta name=\"twitter:label1\" content=\"Est. tempo de leitura\" \/>\n\t<meta name=\"twitter:data1\" content=\"4 minutos\" \/>\n<script type=\"application\/ld+json\" class=\"yoast-schema-graph\">{\"@context\":\"https:\\\/\\\/schema.org\",\"@graph\":[{\"@type\":\"WebPage\",\"@id\":\"https:\\\/\\\/femama.org.br\\\/site\\\/12o-forum-de-controle-do-cancer-na-mulher\\\/\",\"url\":\"https:\\\/\\\/femama.org.br\\\/site\\\/12o-forum-de-controle-do-cancer-na-mulher\\\/\",\"name\":\"12\u00ba F\u00f3rum de Controle do C\u00e2ncer na Mulher | FEMAMA\",\"isPartOf\":{\"@id\":\"https:\\\/\\\/femama.org.br\\\/site\\\/#website\"},\"primaryImageOfPage\":{\"@id\":\"https:\\\/\\\/femama.org.br\\\/site\\\/12o-forum-de-controle-do-cancer-na-mulher\\\/#primaryimage\"},\"image\":{\"@id\":\"https:\\\/\\\/femama.org.br\\\/site\\\/12o-forum-de-controle-do-cancer-na-mulher\\\/#primaryimage\"},\"thumbnailUrl\":\"https:\\\/\\\/femama.org.br\\\/site\\\/wp-content\\\/uploads\\\/2025\\\/11\\\/FEMAMA-Cabecalho-Google-Forms.jpeg\",\"datePublished\":\"2025-11-14T01:07:33+00:00\",\"dateModified\":\"2025-12-08T18:05:43+00:00\",\"breadcrumb\":{\"@id\":\"https:\\\/\\\/femama.org.br\\\/site\\\/12o-forum-de-controle-do-cancer-na-mulher\\\/#breadcrumb\"},\"inLanguage\":\"pt-BR\",\"potentialAction\":[{\"@type\":\"ReadAction\",\"target\":[\"https:\\\/\\\/femama.org.br\\\/site\\\/12o-forum-de-controle-do-cancer-na-mulher\\\/\"]}]},{\"@type\":\"ImageObject\",\"inLanguage\":\"pt-BR\",\"@id\":\"https:\\\/\\\/femama.org.br\\\/site\\\/12o-forum-de-controle-do-cancer-na-mulher\\\/#primaryimage\",\"url\":\"https:\\\/\\\/femama.org.br\\\/site\\\/wp-content\\\/uploads\\\/2025\\\/11\\\/FEMAMA-Cabecalho-Google-Forms.jpeg\",\"contentUrl\":\"https:\\\/\\\/femama.org.br\\\/site\\\/wp-content\\\/uploads\\\/2025\\\/11\\\/FEMAMA-Cabecalho-Google-Forms.jpeg\",\"width\":1600,\"height\":400},{\"@type\":\"BreadcrumbList\",\"@id\":\"https:\\\/\\\/femama.org.br\\\/site\\\/12o-forum-de-controle-do-cancer-na-mulher\\\/#breadcrumb\",\"itemListElement\":[{\"@type\":\"ListItem\",\"position\":1,\"name\":\"In\u00edcio\",\"item\":\"https:\\\/\\\/femama.org.br\\\/site\\\/\"},{\"@type\":\"ListItem\",\"position\":2,\"name\":\"12\u00ba F\u00f3rum de Controle do C\u00e2ncer na Mulher\"}]},{\"@type\":\"WebSite\",\"@id\":\"https:\\\/\\\/femama.org.br\\\/site\\\/#website\",\"url\":\"https:\\\/\\\/femama.org.br\\\/site\\\/\",\"name\":\"FEMAMA\",\"description\":\"Federa\u00e7\u00e3o Brasileira de Institui\u00e7\u00f5es Filantr\u00f3picas de Apoio \u00e0 Sa\u00fade da Mama | C\u00e2ncer de mama\",\"publisher\":{\"@id\":\"https:\\\/\\\/femama.org.br\\\/site\\\/#organization\"},\"potentialAction\":[{\"@type\":\"SearchAction\",\"target\":{\"@type\":\"EntryPoint\",\"urlTemplate\":\"https:\\\/\\\/femama.org.br\\\/site\\\/?s={search_term_string}\"},\"query-input\":{\"@type\":\"PropertyValueSpecification\",\"valueRequired\":true,\"valueName\":\"search_term_string\"}}],\"inLanguage\":\"pt-BR\"},{\"@type\":\"Organization\",\"@id\":\"https:\\\/\\\/femama.org.br\\\/site\\\/#organization\",\"name\":\"Femama | Federa\u00e7\u00e3o Brasileira de Institui\u00e7\u00f5es Filantr\u00f3picas de Apoio \u00e0 Sa\u00fade da Mama | C\u00e2ncer de mama\",\"url\":\"https:\\\/\\\/femama.org.br\\\/site\\\/\",\"logo\":{\"@type\":\"ImageObject\",\"inLanguage\":\"pt-BR\",\"@id\":\"https:\\\/\\\/femama.org.br\\\/site\\\/#\\\/schema\\\/logo\\\/image\\\/\",\"url\":\"https:\\\/\\\/femama.org.br\\\/site\\\/wp-content\\\/uploads\\\/2021\\\/12\\\/logotipo-femama-horizontal.png\",\"contentUrl\":\"https:\\\/\\\/femama.org.br\\\/site\\\/wp-content\\\/uploads\\\/2021\\\/12\\\/logotipo-femama-horizontal.png\",\"width\":300,\"height\":92,\"caption\":\"Femama | Federa\u00e7\u00e3o Brasileira de Institui\u00e7\u00f5es Filantr\u00f3picas de Apoio \u00e0 Sa\u00fade da Mama | C\u00e2ncer de mama\"},\"image\":{\"@id\":\"https:\\\/\\\/femama.org.br\\\/site\\\/#\\\/schema\\\/logo\\\/image\\\/\"},\"sameAs\":[\"https:\\\/\\\/www.facebook.com\\\/femamabrasil\",\"https:\\\/\\\/x.com\\\/femama_\",\"https:\\\/\\\/www.instagram.com\\\/femama.brasil\\\/\",\"https:\\\/\\\/www.youtube.com\\\/user\\\/femamaorg\"]}]}<\/script>\n<!-- \/ Yoast SEO plugin. -->","yoast_head_json":{"title":"12\u00ba F\u00f3rum de Controle do C\u00e2ncer na Mulher | FEMAMA","robots":{"index":"index","follow":"follow","max-snippet":"max-snippet:-1","max-image-preview":"max-image-preview:large","max-video-preview":"max-video-preview:-1"},"canonical":"https:\/\/femama.org.br\/site\/12o-forum-de-controle-do-cancer-na-mulher\/","og_locale":"pt_BR","og_type":"article","og_title":"12\u00ba F\u00f3rum de Controle do C\u00e2ncer na Mulher | FEMAMA","og_description":"O F\u00f3rum de Controle do C\u00e2ncer na Mulher \u00e9 um evento anual promovido pela FEMAMA, que re\u00fane especialistas, associa\u00e7\u00f5es, organiza\u00e7\u00f5es da sociedade civil e da Rede FEMAMA para discutir temas relevantes para o terceiro setor e sua atua\u00e7\u00e3o no contexto de sa\u00fade da mulher. Com vagas presenciais limitadas e transmiss\u00e3o online para todo o pa\u00eds, [&hellip;]","og_url":"https:\/\/femama.org.br\/site\/12o-forum-de-controle-do-cancer-na-mulher\/","og_site_name":"FEMAMA","article_publisher":"https:\/\/www.facebook.com\/femamabrasil","article_modified_time":"2025-12-08T18:05:43+00:00","og_image":[{"width":1600,"height":400,"url":"https:\/\/femama.org.br\/site\/wp-content\/uploads\/2025\/11\/FEMAMA-Cabecalho-Google-Forms.jpeg","type":"image\/jpeg"}],"twitter_card":"summary_large_image","twitter_site":"@femama_","twitter_misc":{"Est. tempo de leitura":"4 minutos"},"schema":{"@context":"https:\/\/schema.org","@graph":[{"@type":"WebPage","@id":"https:\/\/femama.org.br\/site\/12o-forum-de-controle-do-cancer-na-mulher\/","url":"https:\/\/femama.org.br\/site\/12o-forum-de-controle-do-cancer-na-mulher\/","name":"12\u00ba F\u00f3rum de Controle do C\u00e2ncer na Mulher | FEMAMA","isPartOf":{"@id":"https:\/\/femama.org.br\/site\/#website"},"primaryImageOfPage":{"@id":"https:\/\/femama.org.br\/site\/12o-forum-de-controle-do-cancer-na-mulher\/#primaryimage"},"image":{"@id":"https:\/\/femama.org.br\/site\/12o-forum-de-controle-do-cancer-na-mulher\/#primaryimage"},"thumbnailUrl":"https:\/\/femama.org.br\/site\/wp-content\/uploads\/2025\/11\/FEMAMA-Cabecalho-Google-Forms.jpeg","datePublished":"2025-11-14T01:07:33+00:00","dateModified":"2025-12-08T18:05:43+00:00","breadcrumb":{"@id":"https:\/\/femama.org.br\/site\/12o-forum-de-controle-do-cancer-na-mulher\/#breadcrumb"},"inLanguage":"pt-BR","potentialAction":[{"@type":"ReadAction","target":["https:\/\/femama.org.br\/site\/12o-forum-de-controle-do-cancer-na-mulher\/"]}]},{"@type":"ImageObject","inLanguage":"pt-BR","@id":"https:\/\/femama.org.br\/site\/12o-forum-de-controle-do-cancer-na-mulher\/#primaryimage","url":"https:\/\/femama.org.br\/site\/wp-content\/uploads\/2025\/11\/FEMAMA-Cabecalho-Google-Forms.jpeg","contentUrl":"https:\/\/femama.org.br\/site\/wp-content\/uploads\/2025\/11\/FEMAMA-Cabecalho-Google-Forms.jpeg","width":1600,"height":400},{"@type":"BreadcrumbList","@id":"https:\/\/femama.org.br\/site\/12o-forum-de-controle-do-cancer-na-mulher\/#breadcrumb","itemListElement":[{"@type":"ListItem","position":1,"name":"In\u00edcio","item":"https:\/\/femama.org.br\/site\/"},{"@type":"ListItem","position":2,"name":"12\u00ba F\u00f3rum de Controle do C\u00e2ncer na Mulher"}]},{"@type":"WebSite","@id":"https:\/\/femama.org.br\/site\/#website","url":"https:\/\/femama.org.br\/site\/","name":"FEMAMA","description":"Federa\u00e7\u00e3o Brasileira de Institui\u00e7\u00f5es Filantr\u00f3picas de Apoio \u00e0 Sa\u00fade da Mama | C\u00e2ncer de mama","publisher":{"@id":"https:\/\/femama.org.br\/site\/#organization"},"potentialAction":[{"@type":"SearchAction","target":{"@type":"EntryPoint","urlTemplate":"https:\/\/femama.org.br\/site\/?s={search_term_string}"},"query-input":{"@type":"PropertyValueSpecification","valueRequired":true,"valueName":"search_term_string"}}],"inLanguage":"pt-BR"},{"@type":"Organization","@id":"https:\/\/femama.org.br\/site\/#organization","name":"Femama | Federa\u00e7\u00e3o Brasileira de Institui\u00e7\u00f5es Filantr\u00f3picas de Apoio \u00e0 Sa\u00fade da Mama | C\u00e2ncer de mama","url":"https:\/\/femama.org.br\/site\/","logo":{"@type":"ImageObject","inLanguage":"pt-BR","@id":"https:\/\/femama.org.br\/site\/#\/schema\/logo\/image\/","url":"https:\/\/femama.org.br\/site\/wp-content\/uploads\/2021\/12\/logotipo-femama-horizontal.png","contentUrl":"https:\/\/femama.org.br\/site\/wp-content\/uploads\/2021\/12\/logotipo-femama-horizontal.png","width":300,"height":92,"caption":"Femama | Federa\u00e7\u00e3o Brasileira de Institui\u00e7\u00f5es Filantr\u00f3picas de Apoio \u00e0 Sa\u00fade da Mama | C\u00e2ncer de mama"},"image":{"@id":"https:\/\/femama.org.br\/site\/#\/schema\/logo\/image\/"},"sameAs":["https:\/\/www.facebook.com\/femamabrasil","https:\/\/x.com\/femama_","https:\/\/www.instagram.com\/femama.brasil\/","https:\/\/www.youtube.com\/user\/femamaorg"]}]}},"_links":{"self":[{"href":"https:\/\/femama.org.br\/site\/wp-json\/wp\/v2\/pages\/28440","targetHints":{"allow":["GET"]}}],"collection":[{"href":"https:\/\/femama.org.br\/site\/wp-json\/wp\/v2\/pages"}],"about":[{"href":"https:\/\/femama.org.br\/site\/wp-json\/wp\/v2\/types\/page"}],"author":[{"embeddable":true,"href":"https:\/\/femama.org.br\/site\/wp-json\/wp\/v2\/users\/7"}],"replies":[{"embeddable":true,"href":"https:\/\/femama.org.br\/site\/wp-json\/wp\/v2\/comments?post=28440"}],"version-history":[{"count":64,"href":"https:\/\/femama.org.br\/site\/wp-json\/wp\/v2\/pages\/28440\/revisions"}],"predecessor-version":[{"id":28519,"href":"https:\/\/femama.org.br\/site\/wp-json\/wp\/v2\/pages\/28440\/revisions\/28519"}],"wp:attachment":[{"href":"https:\/\/femama.org.br\/site\/wp-json\/wp\/v2\/media?parent=28440"}],"curies":[{"name":"wp","href":"https:\/\/api.w.org\/{rel}","templated":true}]}}